{"id":2835,"date":"2015-07-28T16:43:12","date_gmt":"2015-07-28T16:43:12","guid":{"rendered":"https:\/\/www.brinvest.es\/?page_id=2835&#038;lang=ca"},"modified":"2024-06-03T09:50:27","modified_gmt":"2024-06-03T07:50:27","slug":"home","status":"publish","type":"page","link":"https:\/\/www.brinvest.es\/ca\/","title":{"rendered":"Home"},"content":{"rendered":"<div class=\"wpb-content-wrapper\"><p>[vc_row css=&#8221;.vc_custom_1427362006368{margin-top: -60px !important;}&#8221;][vc_column][rev_slider_vc alias=&#8221;sliderHomecat&#8221;][\/vc_column][\/vc_row][vc_row css=&#8221;.vc_custom_1441386212329{padding-top: 40px !important;}&#8221;][vc_column width=&#8221;1\/3&#8243;][vc_empty_space height=&#8221;25px&#8221;]<div class=\"icon style-2 icon-left\">\n                    <span>\n                        <span class=\"fa fa-male\" style='color: #26507a;'><\/span>\n                        <h2>Enfocament personalitzat<\/h2>\n                        <h3 class=\"style-2\"><\/h3>    \n                    <\/span>\n                    <p>Enfocament espec\u00edfic de totes i cadascuna de les recerques que assumim, a fi d&#8217;oferir el resultat m\u00e9s \u00f2ptim possible a cada recerca.<\/p>\n                <\/div>[vc_empty_space height=&#8221;40px&#8221;]<div class=\"icon style-2 icon-left\">\n                    <span>\n                        <span class=\"fa fa-file-text\" style='color: #26507a;'><\/span>\n                        <h2>Nivells de qualitat<\/h2>\n                        <h3 class=\"style-2\"><\/h3>    \n                    <\/span>\n                    <p>M\u00e0xim nivell en els nostres informes pericials i de recerca. Mai comprometre la confidencialitat i el secret professional.<\/p>\n                <\/div>[vc_empty_space height=&#8221;40px&#8221;]<div class=\"icon style-2 icon-left\">\n                    <span>\n                        <span class=\"fa fa-search\" style='color: #26507a;'><\/span>\n                        <h2>Marcar la difer\u00e8ncia<\/h2>\n                        <h3 class=\"style-2\"><\/h3>    \n                    <\/span>\n                    <p>Gr\u00e0cies a la passi\u00f3 pel nostre treball, disciplina i rapidesa en la resoluci\u00f3, buscant l&#8217;excel\u00b7l\u00e8ncia per oferir qualitat en lloc de quantitat, formant-nos cont\u00ednuament en mat\u00e8ries i disciplines relacionades amb la Recerca Privada i els Informes Pericials.<\/p>\n                <\/div>[\/vc_column][vc_column width=&#8221;1\/3&#8243;][vc_empty_space height=&#8221;25px&#8221;]<div class=\"icon style-2 icon-left\">\n                    <span>\n                        <span class=\"fa fa-check-circle\" style='color: #26507a;'><\/span>\n                        <h2>Orientaci\u00f3 a resultats<\/h2>\n                        <h3 class=\"style-2\"><\/h3>    \n                    <\/span>\n                    <p>Dirigim les nostres actuacions cap a la consecuci\u00f3 dels objectius dels nostres clients, tractant de superar les seves expectatives.<\/p>\n                <\/div>[vc_empty_space height=&#8221;40px&#8221;]<div class=\"icon style-2 icon-left\">\n                    <span>\n                        <span class=\"fa fa-arrow-up\" style='color: #26507a;'><\/span>\n                        <h2>Aportar valor<\/h2>\n                        <h3 class=\"style-2\"><\/h3>    \n                    <\/span>\n                    <p>Aportem valor als nostres clients, particulars, empreses o professionals del sector jur\u00eddic i assessorament.<\/p>\n                <\/div>[vc_empty_space height=&#8221;40px&#8221;]<div class=\"icon style-2 icon-left\">\n                    <span>\n                        <span class=\"fa fa-legal\" style='color: #26507a;'><\/span>\n                        <h2>Comprom\u00eds<\/h2>\n                        <h3 class=\"style-2\"><\/h3>    \n                    <\/span>\n                    <p>Complim la legislaci\u00f3 aplicable, tant en mat\u00e8ria jur\u00eddica com de Seguretat Privada, a fi de salvaguardar la seguretat jur\u00eddica dels nostres clients, aix\u00ed com perqu\u00e8 els nostres informes siguin totalment v\u00e0lids i acceptats davant qualsevol organisme o instituci\u00f3.<\/p>\n                <\/div>[\/vc_column][vc_column width=&#8221;1\/3&#8243; el_class=&#8221;on-top get-a-quote&#8221;][vc_column_text]<\/p>\n<h4 style=\"text-align: center;\">Demana informaci\u00f3<br \/>\nAssessorament gratu\u00eft<\/h4>\n<p>[\/vc_column_text]\n<div class=\"wpcf7 no-js\" id=\"wpcf7-f3156-o1\" lang=\"en-US\" dir=\"ltr\" data-wpcf7-id=\"3156\">\n<div class=\"screen-reader-response\"><p role=\"status\" aria-live=\"polite\" aria-atomic=\"true\"><\/p> <ul><\/ul><\/div>\n<form action=\"\/ca\/wp-json\/wp\/v2\/pages\/2835#wpcf7-f3156-o1\" method=\"post\" class=\"wpcf7-form init\" aria-label=\"Contact form\" novalidate=\"novalidate\" data-status=\"init\">\n<fieldset class=\"hidden-fields-container\"><input type=\"hidden\" name=\"_wpcf7\" value=\"3156\" \/><input type=\"hidden\" name=\"_wpcf7_version\" value=\"6.1.5\" \/><input type=\"hidden\" name=\"_wpcf7_locale\" value=\"en_US\" \/><input type=\"hidden\" name=\"_wpcf7_unit_tag\" value=\"wpcf7-f3156-o1\" \/><input type=\"hidden\" name=\"_wpcf7_container_post\" value=\"0\" \/><input type=\"hidden\" name=\"_wpcf7_posted_data_hash\" value=\"\" \/><input type=\"hidden\" name=\"_wpcf7_recaptcha_response\" value=\"\" \/>\n<\/fieldset>\n<p><span class=\"wpcf7-form-control-wrap\" data-name=\"your-name\"><input size=\"40\" maxlength=\"400\" class=\"wpcf7-form-control wpcf7-text wpcf7-validates-as-required\" aria-required=\"true\" aria-invalid=\"false\" placeholder=\"Nom\" value=\"\" type=\"text\" name=\"your-name\" \/><\/span>\n<\/p>\n<p><span class=\"wpcf7-form-control-wrap\" data-name=\"tel-217\"><input size=\"40\" maxlength=\"400\" class=\"wpcf7-form-control wpcf7-tel wpcf7-text wpcf7-validates-as-tel\" aria-invalid=\"false\" placeholder=\"Tel\u00e8fon\" value=\"\" type=\"tel\" name=\"tel-217\" \/><\/span>\n<\/p>\n<p><span class=\"wpcf7-form-control-wrap\" data-name=\"your-email\"><input size=\"40\" maxlength=\"400\" class=\"wpcf7-form-control wpcf7-email wpcf7-validates-as-required wpcf7-text wpcf7-validates-as-email\" aria-required=\"true\" aria-invalid=\"false\" placeholder=\"E-mail\" value=\"\" type=\"email\" name=\"your-email\" \/><\/span>\n<\/p>\n<p><span class=\"wpcf7-form-control-wrap\" data-name=\"your-message\"><textarea cols=\"40\" rows=\"10\" maxlength=\"2000\" class=\"wpcf7-form-control wpcf7-textarea\" aria-invalid=\"false\" placeholder=\"Missatge\" name=\"your-message\"><\/textarea><\/span>\n<\/p>\n<p><span class=\"wpcf7-form-control-wrap\" data-name=\"acceptance-766\"><span class=\"wpcf7-form-control wpcf7-acceptance\"><span class=\"wpcf7-list-item\"><input type=\"checkbox\" name=\"acceptance-766\" value=\"1\" aria-invalid=\"false\" \/><\/span><\/span><\/span> Accepto la <a href=\"\/politica-de-privacidad\/\" target=\"_blank\">pol\u00edtica de privacitat<\/a>\n<\/p>\n<div class=\"contenedorSend\">\n\t<p class=\"sendForm btn style-3\"><input class=\"wpcf7-form-control wpcf7-submit has-spinner\" type=\"submit\" value=\"Enviar\" \/>\n\t<\/p>\n<\/div><p style=\"display: none !important;\" class=\"akismet-fields-container\" data-prefix=\"_wpcf7_ak_\"><label>&#916;<textarea name=\"_wpcf7_ak_hp_textarea\" cols=\"45\" rows=\"8\" maxlength=\"100\"><\/textarea><\/label><input type=\"hidden\" id=\"ak_js_1\" name=\"_wpcf7_ak_js\" value=\"246\"\/><script>document.getElementById( \"ak_js_1\" ).setAttribute( \"value\", ( new Date() ).getTime() );<\/script><\/p><div class=\"wpcf7-response-output\" aria-hidden=\"true\"><\/div>\n<\/form>\n<\/div>\n[\/vc_column][\/vc_row][vc_row][vc_column width=&#8221;2\/3&#8243;][vc_btn title=&#8221;Veure m\u00e9s&#8221; align=&#8221;center&#8221; css=&#8221;&#8221; link=&#8221;url:%2Fca%2Fqui-som%2F&#8221;][\/vc_column][vc_column width=&#8221;1\/3&#8243;][\/vc_column][\/vc_row][vc_row has_content=&#8221;inside&#8221; css=&#8221;.vc_custom_1438011924685{padding-top: 80px !important;padding-bottom: 80px !important;background-color: #00add7 !important;}&#8221;][vc_column el_class=&#8221;info_home&#8221;][vc_column_text]<\/p>\n<h1 style=\"text-align: center;\"><span style=\"color: #ffffff;\">Contacta&#8217;ns sense compromis<\/span><\/h1>\n<h4 style=\"text-align: center;\"><span style=\"color: #ffffff;\">T&#8217;assessorarem i manarem tota la informaci\u00f3 que necessitis, de manera GRATU\u00cfTA<\/span><\/h4>\n<p>[\/vc_column_text][vc_empty_space height=&#8221;15px&#8221;]<a target=\"_self\" href=\"\/ca\/contacte\/\" class=\"btn btn-md style-1\" id=\"custom-id-0\" style=\"\">Demanar informaci\u00f3<\/a>[\/vc_column][\/vc_row][vc_row css=&#8221;.vc_custom_1438788918586{padding-top: 40px !important;padding-bottom: 40px !important;}&#8221;][vc_column width=&#8221;1\/4&#8243;][vc_single_image image=&#8221;1604&#8243; img_size=&#8221;large&#8221; alignment=&#8221;center&#8221; onclick=&#8221;custom_link&#8221; css=&#8221;.vc_custom_1717400812807{background-position: center !important;background-repeat: no-repeat !important;background-size: cover !important;}&#8221; link=&#8221;\/ca\/investigacions\/detectius-per-a-empreses\/&#8221;][vc_column_text css=&#8221;&#8221;]<\/p>\n<h3 style=\"text-align: left;\"><a style=\"color: #000000;\" href=\"\/ca\/investigacions\/detectius-per-a-empreses\/\">Empresa<\/a><\/h3>\n<p>[\/vc_column_text][vc_column_text]En una societat global i un panorama econ\u00f2mic complex, el sector empresarial precisa d\u2019informaci\u00f3 estrat\u00e8gica per a la presa de decisions i la consecuci\u00f3 dels seus objectius.[\/vc_column_text][\/vc_column][vc_column width=&#8221;1\/4&#8243;][vc_single_image image=&#8221;1605&#8243; img_size=&#8221;large&#8221; alignment=&#8221;center&#8221; onclick=&#8221;custom_link&#8221; css=&#8221;.vc_custom_1717400833103{background-position: center !important;background-repeat: no-repeat !important;background-size: cover !important;}&#8221; link=&#8221;\/ca\/investigacions\/detectius-personal-i-familiar\/&#8221;][vc_column_text css=&#8221;&#8221;]<\/p>\n<h3 style=\"text-align: left;\"><a style=\"color: #000000;\" href=\"\/ca\/investigacions\/detectius-personal-i-familiar\/\">Personal i familiar<\/a><\/h3>\n<p>[\/vc_column_text][vc_column_text]Les problem\u00e0tiques personals comporten importants conseq\u00fc\u00e8ncies econ\u00f2miques i an\u00edmiques. Cal dipositar la confian\u00e7a en professionals que proporcionin respostes.[\/vc_column_text][\/vc_column][vc_column width=&#8221;1\/4&#8243;][vc_single_image image=&#8221;1606&#8243; img_size=&#8221;large&#8221; alignment=&#8221;center&#8221; onclick=&#8221;custom_link&#8221; css=&#8221;.vc_custom_1717400852159{background-position: center !important;background-repeat: no-repeat !important;background-size: cover !important;}&#8221; link=&#8221;\/ca\/investigacions\/detectius-economics-i-financers\/&#8221;][vc_column_text css=&#8221;&#8221;]<\/p>\n<h3 style=\"text-align: left;\"><a style=\"color: #000000;\" href=\"\/ca\/investigacions\/detectius-economics-i-financers\/\">Econ\u00f2mics i financers<\/a><\/h3>\n<p>[\/vc_column_text][vc_column_text]Cada vegada resulta m\u00e9s fonamental comptar amb un equip especialitzat en investigacions econ\u00f2miques que proporcioni informaci\u00f3 vera\u00e7 i vigent.[\/vc_column_text][\/vc_column][vc_column width=&#8221;1\/4&#8243;][vc_single_image image=&#8221;1609&#8243; img_size=&#8221;large&#8221; alignment=&#8221;center&#8221; onclick=&#8221;custom_link&#8221; css=&#8221;.vc_custom_1717400879319{background-position: center !important;background-repeat: no-repeat !important;background-size: cover !important;}&#8221; link=&#8221;\/ca\/investigacions\/detectius-mutues-i-asseguradores\/&#8221;][vc_column_text css=&#8221;&#8221;]<\/p>\n<h3 style=\"text-align: left;\"><a style=\"color: #000000;\" href=\"\/ca\/investigacions\/detectius-mutues-i-asseguradores\/\">M\u00f9tues i asseguradores<\/a><\/h3>\n<p>[\/vc_column_text][vc_column_text]El sector de les entitats asseguradores i les m\u00fatues d\u2019accidents de treball i malalties professionals suporta tradicionalment un elevat percentatge de frau.[\/vc_column_text][\/vc_column][\/vc_row][vc_row has_content=&#8221;false&#8221; css=&#8221;.vc_custom_1445609429070{background-image: url(https:\/\/www.brinvest.es\/wp-content\/uploads\/2015\/07\/empresa_detectives.jpg?id=3068) !important;background-position: center !important;background-repeat: no-repeat !important;background-size: cover !important;}&#8221;][vc_column width=&#8221;1\/2&#8243; css=&#8221;.vc_custom_1435681090280{padding-right: 40px !important;padding-left: 40px !important;background-color: #00add7 !important;}&#8221;][vc_row_inner css=&#8221;.vc_custom_1435681417637{padding-top: 100px !important;padding-bottom: 100px !important;}&#8221; el_class=&#8221;titleStyle&#8221;][vc_column_inner width=&#8221;1\/2&#8243;][vc_single_image image=&#8221;2825&#8243; img_size=&#8221;large&#8221; alignment=&#8221;center&#8221; onclick=&#8221;custom_link&#8221; css=&#8221;&#8221; link=&#8221;\/ca\/investigacions\/litigation-support\/&#8221;][vc_column_text el_class=&#8221;titleStyle&#8221;]<\/p>\n<h3 style=\"text-align: center;\"><span style=\"color: #ffffff;\">Professionals al servei del dret<\/span><\/h3>\n<h4 style=\"text-align: center;\"><span style=\"color: #ffffff;\">Obtenci\u00f3 d\u2019informaci\u00f3 i proves<\/span><\/h4>\n<p style=\"text-align: center;\"><span style=\"color: #ffffff;\">Els nostres informes pre-judicials permeten a l\u2019advocat disposar d\u2019una eina \u00fatil i documentada per valorar la viabilitat del plet.<\/span><\/p>\n<p>[\/vc_column_text][\/vc_column_inner][vc_column_inner width=&#8221;1\/2&#8243;][vc_single_image image=&#8221;2824&#8243; img_size=&#8221;large&#8221; alignment=&#8221;center&#8221; onclick=&#8221;custom_link&#8221; css=&#8221;&#8221; link=&#8221;\/ca\/perits\/perits-criminalistes\/&#8221;][vc_column_text el_class=&#8221;titleStyle&#8221;]<\/p>\n<h3 style=\"text-align: center;\"><span style=\"color: #ffffff;\">Criminal\u00edstica i Ci\u00e8ncies Forenses<\/span><\/h3>\n<h4 style=\"text-align: center;\"><span style=\"color: #ffffff;\">Confecci\u00f3 d\u2019Informes Pericials<\/span><\/h4>\n<p style=\"text-align: center;\"><span style=\"color: #ffffff;\">Complementem la confecci\u00f3 dels nostres informes pericials amb l\u2019obtenci\u00f3 de proves mitjan\u00e7ant les m\u00e9s avan\u00e7ades t\u00e8cniques cient\u00edfiques<\/span><\/p>\n<p>[\/vc_column_text][\/vc_column_inner][\/vc_row_inner][\/vc_column][vc_column width=&#8221;1\/2&#8243;][vc_row_inner][vc_column_inner][\/vc_column_inner][\/vc_row_inner][\/vc_column][\/vc_row]<\/p>\n<\/div>","protected":false},"excerpt":{"rendered":"<p>[vc_row css=&#8221;.vc_custom_1427362006368{margin-top: -60px !important;}&#8221;][vc_column][rev_slider_vc alias=&#8221;sliderHomecat&#8221;][\/vc_column][\/vc_row][vc_row css=&#8221;.vc_custom_1441386212329{padding-top: 40px !important;}&#8221;][vc_column width=&#8221;1\/3&#8243;][vc_empty_space height=&#8221;25px&#8221;][vc_empty_space height=&#8221;40px&#8221;][vc_empty_space height=&#8221;40px&#8221;][\/vc_column][vc_column width=&#8221;1\/3&#8243;][vc_empty_space height=&#8221;25px&#8221;][vc_empty_space height=&#8221;40px&#8221;][vc_empty_space height=&#8221;40px&#8221;][\/vc_column][vc_column width=&#8221;1\/3&#8243; el_class=&#8221;on-top get-a-quote&#8221;][vc_column_text] Demana informaci\u00f3 Assessorament gratu\u00eft [\/vc_column_text][\/vc_column][\/vc_row][vc_row][vc_column width=&#8221;2\/3&#8243;][vc_btn title=&#8221;Veure m\u00e9s&#8221; align=&#8221;center&#8221; css=&#8221;&#8221; link=&#8221;url:%2Fca%2Fqui-som%2F&#8221;][\/vc_column][vc_column width=&#8221;1\/3&#8243;][\/vc_column][\/vc_row][vc_row has_content=&#8221;inside&#8221; css=&#8221;.vc_custom_1438011924685{padding-top: 80px !important;padding-bottom: 80px !important;background-color: #00add7 !important;}&#8221;][vc_column el_class=&#8221;info_home&#8221;][vc_column_text]&#8230;<\/p>\n","protected":false},"author":2,"featured_media":0,"parent":0,"menu_order":0,"comment_status":"open","ping_status":"open","template":"","meta":{"footnotes":""},"class_list":["post-2835","page","type-page","status-publish","hentry"],"yoast_head":"<!-- This site is optimized with the Yoast SEO plugin v27.4 - https:\/\/yoast.com\/product\/yoast-seo-wordpress\/ -->\n<title>Detectius privats a Barcelona - Brinvest<\/title>\n<meta name=\"description\" content=\"Ag\u00e8ncia de detectius privats a Barcelona a preus competitius. Necessites contractar un servei de detectiu privat a Barcelona? Som professionals, consulta&#039;ns!\" \/>\n<meta name=\"robots\" content=\"index, follow, max-snippet:-1, max-image-preview:large, max-video-preview:-1\" \/>\n<link rel=\"canonical\" href=\"https:\/\/www.brinvest.es\/ca\/\" \/>\n<meta property=\"og:locale\" content=\"ca_ES\" \/>\n<meta property=\"og:type\" content=\"article\" \/>\n<meta property=\"og:title\" content=\"Detectius privats a Barcelona - Brinvest\" \/>\n<meta property=\"og:description\" content=\"Ag\u00e8ncia de detectius privats a Barcelona a preus competitius. Necessites contractar un servei de detectiu privat a Barcelona? Som professionals, consulta&#039;ns!\" \/>\n<meta property=\"og:url\" content=\"https:\/\/www.brinvest.es\/ca\/\" \/>\n<meta property=\"og:site_name\" content=\"Brinvest\" \/>\n<meta property=\"article:publisher\" content=\"https:\/\/www.facebook.com\/brinvestdp\" \/>\n<meta property=\"article:modified_time\" content=\"2024-06-03T07:50:27+00:00\" \/>\n<meta name=\"twitter:card\" content=\"summary_large_image\" \/>\n<meta name=\"twitter:site\" content=\"@brinvestdp\" \/>\n<meta name=\"twitter:label1\" content=\"Temps estimat de lectura\" \/>\n\t<meta name=\"twitter:data1\" content=\"5 minuts\" \/>\n<script type=\"application\/ld+json\" class=\"yoast-schema-graph\">{\"@context\":\"https:\\\/\\\/schema.org\",\"@graph\":[{\"@type\":\"WebPage\",\"@id\":\"https:\\\/\\\/www.brinvest.es\\\/ca\\\/\",\"url\":\"https:\\\/\\\/www.brinvest.es\\\/ca\\\/\",\"name\":\"Detectius privats a Barcelona - Brinvest\",\"isPartOf\":{\"@id\":\"https:\\\/\\\/www.brinvest.es\\\/ca\\\/#website\"},\"datePublished\":\"2015-07-28T16:43:12+00:00\",\"dateModified\":\"2024-06-03T07:50:27+00:00\",\"description\":\"Ag\u00e8ncia de detectius privats a Barcelona a preus competitius. Necessites contractar un servei de detectiu privat a Barcelona? Som professionals, consulta'ns!\",\"breadcrumb\":{\"@id\":\"https:\\\/\\\/www.brinvest.es\\\/ca\\\/#breadcrumb\"},\"inLanguage\":\"ca\",\"potentialAction\":[{\"@type\":\"ReadAction\",\"target\":[\"https:\\\/\\\/www.brinvest.es\\\/ca\\\/\"]}]},{\"@type\":\"BreadcrumbList\",\"@id\":\"https:\\\/\\\/www.brinvest.es\\\/ca\\\/#breadcrumb\",\"itemListElement\":[{\"@type\":\"ListItem\",\"position\":1,\"name\":\"Portada\",\"item\":\"https:\\\/\\\/www.brinvest.es\\\/ca\\\/\"},{\"@type\":\"ListItem\",\"position\":2,\"name\":\"Home\"}]},{\"@type\":\"WebSite\",\"@id\":\"https:\\\/\\\/www.brinvest.es\\\/ca\\\/#website\",\"url\":\"https:\\\/\\\/www.brinvest.es\\\/ca\\\/\",\"name\":\"Brinvest\",\"description\":\"Investigaci\u00f3n profesional a su servicio\",\"publisher\":{\"@id\":\"https:\\\/\\\/www.brinvest.es\\\/ca\\\/#organization\"},\"potentialAction\":[{\"@type\":\"SearchAction\",\"target\":{\"@type\":\"EntryPoint\",\"urlTemplate\":\"https:\\\/\\\/www.brinvest.es\\\/ca\\\/?s={search_term_string}\"},\"query-input\":{\"@type\":\"PropertyValueSpecification\",\"valueRequired\":true,\"valueName\":\"search_term_string\"}}],\"inLanguage\":\"ca\"},{\"@type\":\"Organization\",\"@id\":\"https:\\\/\\\/www.brinvest.es\\\/ca\\\/#organization\",\"name\":\"Brinvest Detectives\",\"url\":\"https:\\\/\\\/www.brinvest.es\\\/ca\\\/\",\"logo\":{\"@type\":\"ImageObject\",\"inLanguage\":\"ca\",\"@id\":\"https:\\\/\\\/www.brinvest.es\\\/ca\\\/#\\\/schema\\\/logo\\\/image\\\/\",\"url\":\"https:\\\/\\\/www.brinvest.es\\\/wp-content\\\/uploads\\\/2016\\\/03\\\/cropped-favicon.png\",\"contentUrl\":\"https:\\\/\\\/www.brinvest.es\\\/wp-content\\\/uploads\\\/2016\\\/03\\\/cropped-favicon.png\",\"width\":512,\"height\":512,\"caption\":\"Brinvest Detectives\"},\"image\":{\"@id\":\"https:\\\/\\\/www.brinvest.es\\\/ca\\\/#\\\/schema\\\/logo\\\/image\\\/\"},\"sameAs\":[\"https:\\\/\\\/www.facebook.com\\\/brinvestdp\",\"https:\\\/\\\/x.com\\\/brinvestdp\"]}]}<\/script>\n<!-- \/ Yoast SEO plugin. -->","yoast_head_json":{"title":"Detectius privats a Barcelona - Brinvest","description":"Ag\u00e8ncia de detectius privats a Barcelona a preus competitius. Necessites contractar un servei de detectiu privat a Barcelona? Som professionals, consulta'ns!","robots":{"index":"index","follow":"follow","max-snippet":"max-snippet:-1","max-image-preview":"max-image-preview:large","max-video-preview":"max-video-preview:-1"},"canonical":"https:\/\/www.brinvest.es\/ca\/","og_locale":"ca_ES","og_type":"article","og_title":"Detectius privats a Barcelona - Brinvest","og_description":"Ag\u00e8ncia de detectius privats a Barcelona a preus competitius. Necessites contractar un servei de detectiu privat a Barcelona? Som professionals, consulta'ns!","og_url":"https:\/\/www.brinvest.es\/ca\/","og_site_name":"Brinvest","article_publisher":"https:\/\/www.facebook.com\/brinvestdp","article_modified_time":"2024-06-03T07:50:27+00:00","twitter_card":"summary_large_image","twitter_site":"@brinvestdp","twitter_misc":{"Temps estimat de lectura":"5 minuts"},"schema":{"@context":"https:\/\/schema.org","@graph":[{"@type":"WebPage","@id":"https:\/\/www.brinvest.es\/ca\/","url":"https:\/\/www.brinvest.es\/ca\/","name":"Detectius privats a Barcelona - Brinvest","isPartOf":{"@id":"https:\/\/www.brinvest.es\/ca\/#website"},"datePublished":"2015-07-28T16:43:12+00:00","dateModified":"2024-06-03T07:50:27+00:00","description":"Ag\u00e8ncia de detectius privats a Barcelona a preus competitius. Necessites contractar un servei de detectiu privat a Barcelona? Som professionals, consulta'ns!","breadcrumb":{"@id":"https:\/\/www.brinvest.es\/ca\/#breadcrumb"},"inLanguage":"ca","potentialAction":[{"@type":"ReadAction","target":["https:\/\/www.brinvest.es\/ca\/"]}]},{"@type":"BreadcrumbList","@id":"https:\/\/www.brinvest.es\/ca\/#breadcrumb","itemListElement":[{"@type":"ListItem","position":1,"name":"Portada","item":"https:\/\/www.brinvest.es\/ca\/"},{"@type":"ListItem","position":2,"name":"Home"}]},{"@type":"WebSite","@id":"https:\/\/www.brinvest.es\/ca\/#website","url":"https:\/\/www.brinvest.es\/ca\/","name":"Brinvest","description":"Investigaci\u00f3n profesional a su servicio","publisher":{"@id":"https:\/\/www.brinvest.es\/ca\/#organization"},"potentialAction":[{"@type":"SearchAction","target":{"@type":"EntryPoint","urlTemplate":"https:\/\/www.brinvest.es\/ca\/?s={search_term_string}"},"query-input":{"@type":"PropertyValueSpecification","valueRequired":true,"valueName":"search_term_string"}}],"inLanguage":"ca"},{"@type":"Organization","@id":"https:\/\/www.brinvest.es\/ca\/#organization","name":"Brinvest Detectives","url":"https:\/\/www.brinvest.es\/ca\/","logo":{"@type":"ImageObject","inLanguage":"ca","@id":"https:\/\/www.brinvest.es\/ca\/#\/schema\/logo\/image\/","url":"https:\/\/www.brinvest.es\/wp-content\/uploads\/2016\/03\/cropped-favicon.png","contentUrl":"https:\/\/www.brinvest.es\/wp-content\/uploads\/2016\/03\/cropped-favicon.png","width":512,"height":512,"caption":"Brinvest Detectives"},"image":{"@id":"https:\/\/www.brinvest.es\/ca\/#\/schema\/logo\/image\/"},"sameAs":["https:\/\/www.facebook.com\/brinvestdp","https:\/\/x.com\/brinvestdp"]}]}},"_links":{"self":[{"href":"https:\/\/www.brinvest.es\/ca\/wp-json\/wp\/v2\/pages\/2835","targetHints":{"allow":["GET"]}}],"collection":[{"href":"https:\/\/www.brinvest.es\/ca\/wp-json\/wp\/v2\/pages"}],"about":[{"href":"https:\/\/www.brinvest.es\/ca\/wp-json\/wp\/v2\/types\/page"}],"author":[{"embeddable":true,"href":"https:\/\/www.brinvest.es\/ca\/wp-json\/wp\/v2\/users\/2"}],"replies":[{"embeddable":true,"href":"https:\/\/www.brinvest.es\/ca\/wp-json\/wp\/v2\/comments?post=2835"}],"version-history":[{"count":43,"href":"https:\/\/www.brinvest.es\/ca\/wp-json\/wp\/v2\/pages\/2835\/revisions"}],"predecessor-version":[{"id":4599,"href":"https:\/\/www.brinvest.es\/ca\/wp-json\/wp\/v2\/pages\/2835\/revisions\/4599"}],"wp:attachment":[{"href":"https:\/\/www.brinvest.es\/ca\/wp-json\/wp\/v2\/media?parent=2835"}],"curies":[{"name":"wp","href":"https:\/\/api.w.org\/{rel}","templated":true}]}}